{"id":2146,"date":"2024-05-05T09:18:37","date_gmt":"2024-05-05T07:18:37","guid":{"rendered":"https:\/\/www.sunex.de\/?page_id=2146"},"modified":"2025-07-17T15:38:03","modified_gmt":"2025-07-17T13:38:03","slug":"rollladenkasten-unten","status":"publish","type":"page","link":"https:\/\/www.sunex.de\/en\/rollladenkasten-unten\/","title":{"rendered":"Roller shutter box below"},"content":{"rendered":"<div data-elementor-type=\"wp-page\" data-elementor-id=\"2146\" class=\"elementor elementor-2146\">\n\t\t\t\t\t\t<section class=\"elementor-section elementor-top-section elementor-element elementor-element-1f18daa elementor-section-full_width elementor-section-height-default elementor-section-height-default\" data-id=\"1f18daa\" data-element_type=\"section\" data-e-type=\"section\">\n\t\t\t\t\t\t<div class=\"elementor-container elementor-column-gap-default\">\n\t\t\t\t\t<div class=\"elementor-column elementor-col-100 elementor-top-column elementor-element elementor-element-686dd91\" data-id=\"686dd91\" data-element_type=\"column\" data-e-type=\"column\">\n\t\t\t<div class=\"elementor-widget-wrap elementor-element-populated\">\n\t\t\t\t\t\t<div class=\"elementor-element elementor-element-a2575d0 elementor-widget elementor-widget-roofan_project_detail\" data-id=\"a2575d0\" data-element_type=\"widget\" data-e-type=\"widget\" data-widget_type=\"roofan_project_detail.default\">\n\t\t\t\t<div class=\"elementor-widget-container\">\n\t\t\t\t\t\t\n    <!--Start Project Info Area-->\n\t<section class=\"project-info-area\">\n\t\t<div class=\"container\">\n\t\t\t<div class=\"row\">\n\t\t\t\t                <div class=\"col-xl-8\">\n\t\t\t\t\t<div class=\"project-info-img-box\">\n\t\t\t\t\t\t<img decoding=\"async\" src=\"https:\/\/www.sunex.de\/wp-content\/uploads\/2024\/05\/uno-header-1.jpg\" alt=\"Awesome Image\">\n\t\t\t\t\t<\/div>\n\t\t\t\t<\/div>\n                                \n\t\t\t\t<div class=\"col-xl-4\">\n\t\t\t\t\t\t\t\t\t<\/div>\n\t\t\t<\/div>\n\n\t\t\t<div class=\"row\">\n\t\t\t\t<div class=\"colx-xl-12\">\n\t\t\t\t\t<div class=\"project-description-box\">\n\t\t\t\t\t\t<h2>Rollladensystem von unten nach oben UNO<\/h2>\t\t\t\t\t\t\t\t\t\t\t\t<h4>Roller shutter box underneath with closing process from bottom to top.<\/h4>\n<p>&nbsp;&nbsp;&nbsp;<\/p>\n<p>Roller shutter element for sloping, acute-angled, triangular and arched windows.<\/p>\n<p>Suitable for new buildings as well as old buildings, as installation is possible both between the reveals and on the masonry.<\/p>\n<p>Profiles made of roll-formed and foamed aluminum with thick lacquer coating. Colors according to sample collection without light slits in the curtain. The double-walled aluminum profiles offer protection against solar radiation, are resistant, durable and burglary-inhibiting. <\/p>\n<p>Panels and guide rails made of extruded aluminum available in all RAL or anodized colors. <\/p>\n<p>Panels and guide rails made of extruded aluminum available in all RAL or anodized colors. <\/p>\n<p>Convenient operation via motor with electromechanical limit switch, alternatively available with radio remote control. <\/p>\n<p>Optimal adaptation options to the architecture of the house thanks to a wide range of types with different cover systems. <\/p>\t\t\t\t\t\t\t\t\t\t\t<\/div>\n\t\t\t\t<\/div>\n\t\t\t<\/div>\n\n\t\t<\/div>\n\t<\/section>\n\t<!--End Project Info Area--> \n\t\n\t\t\t\t\t<\/div>\n\t\t\t\t<\/div>\n\t\t\t\t\t<\/div>\n\t\t<\/div>\n\t\t\t\t\t<\/div>\n\t\t<\/section>\n\t\t\t\t<section class=\"elementor-section elementor-top-section elementor-element elementor-element-c61075e elementor-section-boxed elementor-section-height-default elementor-section-height-default\" data-id=\"c61075e\" data-element_type=\"section\" data-e-type=\"section\">\n\t\t\t\t\t\t<div class=\"elementor-container elementor-column-gap-default\">\n\t\t\t\t\t<div class=\"elementor-column elementor-col-100 elementor-top-column elementor-element elementor-element-d396ed6\" data-id=\"d396ed6\" data-element_type=\"column\" data-e-type=\"column\">\n\t\t\t<div class=\"elementor-widget-wrap elementor-element-populated\">\n\t\t\t\t\t\t<div class=\"elementor-element elementor-element-dbec9b8 elementor-widget elementor-widget-image-gallery\" data-id=\"dbec9b8\" data-element_type=\"widget\" data-e-type=\"widget\" data-widget_type=\"image-gallery.default\">\n\t\t\t\t<div class=\"elementor-widget-container\">\n\t\t\t\t\t\t\t<div class=\"elementor-image-gallery\">\n\t\t\t<div id='gallery-1' class='gallery galleryid-2146 gallery-columns-4 gallery-size-full'><figure class='gallery-item'>\n\t\t\t<div class='gallery-icon landscape'>\n\t\t\t\t<img fetchpriority=\"high\" decoding=\"async\" width=\"591\" height=\"591\" src=\"https:\/\/www.sunex.de\/wp-content\/uploads\/2024\/05\/uno-1-1.png\" class=\"attachment-full size-full\" alt=\"\" aria-describedby=\"gallery-1-2454\" srcset=\"https:\/\/www.sunex.de\/wp-content\/uploads\/2024\/05\/uno-1-1.png 591w, https:\/\/www.sunex.de\/wp-content\/uploads\/2024\/05\/uno-1-1-300x300.png 300w, https:\/\/www.sunex.de\/wp-content\/uploads\/2024\/05\/uno-1-1-150x150.png 150w, https:\/\/www.sunex.de\/wp-content\/uploads\/2024\/05\/uno-1-1-12x12.png 12w, https:\/\/www.sunex.de\/wp-content\/uploads\/2024\/05\/uno-1-1-70x70.png 70w\" sizes=\"(max-width: 591px) 100vw, 591px\" \/>\n\t\t\t<\/div>\n\t\t\t\t<figcaption class='wp-caption-text gallery-caption' id='gallery-1-2454'>\n\t\t\t\tSystem UNO - straight at the top\n\t\t\t\t<\/figcaption><\/figure><figure class='gallery-item'>\n\t\t\t<div class='gallery-icon landscape'>\n\t\t\t\t<img decoding=\"async\" width=\"591\" height=\"591\" src=\"https:\/\/www.sunex.de\/wp-content\/uploads\/2024\/05\/uno-2-1.png\" class=\"attachment-full size-full\" alt=\"\" aria-describedby=\"gallery-1-2455\" srcset=\"https:\/\/www.sunex.de\/wp-content\/uploads\/2024\/05\/uno-2-1.png 591w, https:\/\/www.sunex.de\/wp-content\/uploads\/2024\/05\/uno-2-1-300x300.png 300w, https:\/\/www.sunex.de\/wp-content\/uploads\/2024\/05\/uno-2-1-150x150.png 150w, https:\/\/www.sunex.de\/wp-content\/uploads\/2024\/05\/uno-2-1-12x12.png 12w, https:\/\/www.sunex.de\/wp-content\/uploads\/2024\/05\/uno-2-1-70x70.png 70w\" sizes=\"(max-width: 591px) 100vw, 591px\" \/>\n\t\t\t<\/div>\n\t\t\t\t<figcaption class='wp-caption-text gallery-caption' id='gallery-1-2455'>\n\t\t\t\tSystem UNO \u2013 slanted at the top\n\t\t\t\t<\/figcaption><\/figure><figure class='gallery-item'>\n\t\t\t<div class='gallery-icon landscape'>\n\t\t\t\t<img decoding=\"async\" width=\"591\" height=\"591\" src=\"https:\/\/www.sunex.de\/wp-content\/uploads\/2024\/05\/uno-3-2.png\" class=\"attachment-full size-full\" alt=\"\" aria-describedby=\"gallery-1-2456\" srcset=\"https:\/\/www.sunex.de\/wp-content\/uploads\/2024\/05\/uno-3-2.png 591w, https:\/\/www.sunex.de\/wp-content\/uploads\/2024\/05\/uno-3-2-300x300.png 300w, https:\/\/www.sunex.de\/wp-content\/uploads\/2024\/05\/uno-3-2-150x150.png 150w, https:\/\/www.sunex.de\/wp-content\/uploads\/2024\/05\/uno-3-2-12x12.png 12w, https:\/\/www.sunex.de\/wp-content\/uploads\/2024\/05\/uno-3-2-70x70.png 70w\" sizes=\"(max-width: 591px) 100vw, 591px\" \/>\n\t\t\t<\/div>\n\t\t\t\t<figcaption class='wp-caption-text gallery-caption' id='gallery-1-2456'>\n\t\t\t\tSystem UNO \u2013 tapering to 0 mm\n\t\t\t\t<\/figcaption><\/figure><figure class='gallery-item'>\n\t\t\t<div class='gallery-icon landscape'>\n\t\t\t\t<img loading=\"lazy\" decoding=\"async\" width=\"591\" height=\"591\" src=\"https:\/\/www.sunex.de\/wp-content\/uploads\/2024\/05\/uno-4-1.png\" class=\"attachment-full size-full\" alt=\"\" aria-describedby=\"gallery-1-2457\" srcset=\"https:\/\/www.sunex.de\/wp-content\/uploads\/2024\/05\/uno-4-1.png 591w, https:\/\/www.sunex.de\/wp-content\/uploads\/2024\/05\/uno-4-1-300x300.png 300w, https:\/\/www.sunex.de\/wp-content\/uploads\/2024\/05\/uno-4-1-150x150.png 150w, https:\/\/www.sunex.de\/wp-content\/uploads\/2024\/05\/uno-4-1-12x12.png 12w, https:\/\/www.sunex.de\/wp-content\/uploads\/2024\/05\/uno-4-1-70x70.png 70w\" sizes=\"(max-width: 591px) 100vw, 591px\" \/>\n\t\t\t<\/div>\n\t\t\t\t<figcaption class='wp-caption-text gallery-caption' id='gallery-1-2457'>\n\t\t\t\tSystem UNO \u2013 straight diagonally\n\t\t\t\t<\/figcaption><\/figure><figure class='gallery-item'>\n\t\t\t<div class='gallery-icon landscape'>\n\t\t\t\t<img loading=\"lazy\" decoding=\"async\" width=\"591\" height=\"591\" src=\"https:\/\/www.sunex.de\/wp-content\/uploads\/2024\/05\/uno-5-1.png\" class=\"attachment-full size-full\" alt=\"\" aria-describedby=\"gallery-1-2458\" srcset=\"https:\/\/www.sunex.de\/wp-content\/uploads\/2024\/05\/uno-5-1.png 591w, https:\/\/www.sunex.de\/wp-content\/uploads\/2024\/05\/uno-5-1-300x300.png 300w, https:\/\/www.sunex.de\/wp-content\/uploads\/2024\/05\/uno-5-1-150x150.png 150w, https:\/\/www.sunex.de\/wp-content\/uploads\/2024\/05\/uno-5-1-12x12.png 12w, https:\/\/www.sunex.de\/wp-content\/uploads\/2024\/05\/uno-5-1-70x70.png 70w\" sizes=\"(max-width: 591px) 100vw, 591px\" \/>\n\t\t\t<\/div>\n\t\t\t\t<figcaption class='wp-caption-text gallery-caption' id='gallery-1-2458'>\n\t\t\t\tSystem UNO \u2013 straight diagonally\n\t\t\t\t<\/figcaption><\/figure><figure class='gallery-item'>\n\t\t\t<div class='gallery-icon landscape'>\n\t\t\t\t<img loading=\"lazy\" decoding=\"async\" width=\"591\" height=\"591\" src=\"https:\/\/www.sunex.de\/wp-content\/uploads\/2024\/05\/uno-6-1.png\" class=\"attachment-full size-full\" alt=\"\" aria-describedby=\"gallery-1-2459\" srcset=\"https:\/\/www.sunex.de\/wp-content\/uploads\/2024\/05\/uno-6-1.png 591w, https:\/\/www.sunex.de\/wp-content\/uploads\/2024\/05\/uno-6-1-300x300.png 300w, https:\/\/www.sunex.de\/wp-content\/uploads\/2024\/05\/uno-6-1-150x150.png 150w, https:\/\/www.sunex.de\/wp-content\/uploads\/2024\/05\/uno-6-1-12x12.png 12w, https:\/\/www.sunex.de\/wp-content\/uploads\/2024\/05\/uno-6-1-70x70.png 70w\" sizes=\"(max-width: 591px) 100vw, 591px\" \/>\n\t\t\t<\/div>\n\t\t\t\t<figcaption class='wp-caption-text gallery-caption' id='gallery-1-2459'>\n\t\t\t\tSystem UNO \u2013 segment arch system\n\t\t\t\t<\/figcaption><\/figure><figure class='gallery-item'>\n\t\t\t<div class='gallery-icon landscape'>\n\t\t\t\t<img loading=\"lazy\" decoding=\"async\" width=\"591\" height=\"591\" src=\"https:\/\/www.sunex.de\/wp-content\/uploads\/2024\/05\/uno-7-1.png\" class=\"attachment-full size-full\" alt=\"\" aria-describedby=\"gallery-1-2460\" srcset=\"https:\/\/www.sunex.de\/wp-content\/uploads\/2024\/05\/uno-7-1.png 591w, https:\/\/www.sunex.de\/wp-content\/uploads\/2024\/05\/uno-7-1-300x300.png 300w, https:\/\/www.sunex.de\/wp-content\/uploads\/2024\/05\/uno-7-1-150x150.png 150w, https:\/\/www.sunex.de\/wp-content\/uploads\/2024\/05\/uno-7-1-12x12.png 12w, https:\/\/www.sunex.de\/wp-content\/uploads\/2024\/05\/uno-7-1-70x70.png 70w\" sizes=\"(max-width: 591px) 100vw, 591px\" \/>\n\t\t\t<\/div>\n\t\t\t\t<figcaption class='wp-caption-text gallery-caption' id='gallery-1-2460'>\n\t\t\t\tSystem UNO \u2013 segment arch system\n\t\t\t\t<\/figcaption><\/figure><figure class='gallery-item'>\n\t\t\t<div class='gallery-icon landscape'>\n\t\t\t\t<img loading=\"lazy\" decoding=\"async\" width=\"591\" height=\"591\" src=\"https:\/\/www.sunex.de\/wp-content\/uploads\/2024\/05\/uno-8-1.png\" class=\"attachment-full size-full\" alt=\"\" aria-describedby=\"gallery-1-2461\" srcset=\"https:\/\/www.sunex.de\/wp-content\/uploads\/2024\/05\/uno-8-1.png 591w, https:\/\/www.sunex.de\/wp-content\/uploads\/2024\/05\/uno-8-1-300x300.png 300w, https:\/\/www.sunex.de\/wp-content\/uploads\/2024\/05\/uno-8-1-150x150.png 150w, https:\/\/www.sunex.de\/wp-content\/uploads\/2024\/05\/uno-8-1-12x12.png 12w, https:\/\/www.sunex.de\/wp-content\/uploads\/2024\/05\/uno-8-1-70x70.png 70w\" sizes=\"(max-width: 591px) 100vw, 591px\" \/>\n\t\t\t<\/div>\n\t\t\t\t<figcaption class='wp-caption-text gallery-caption' id='gallery-1-2461'>\n\t\t\t\tSystem UNO - round arch system\n\t\t\t\t<\/figcaption><\/figure><figure class='gallery-item'>\n\t\t\t<div class='gallery-icon landscape'>\n\t\t\t\t<img loading=\"lazy\" decoding=\"async\" width=\"591\" height=\"591\" src=\"https:\/\/www.sunex.de\/wp-content\/uploads\/2024\/05\/uno-9-1.png\" class=\"attachment-full size-full\" alt=\"\" aria-describedby=\"gallery-1-2462\" srcset=\"https:\/\/www.sunex.de\/wp-content\/uploads\/2024\/05\/uno-9-1.png 591w, https:\/\/www.sunex.de\/wp-content\/uploads\/2024\/05\/uno-9-1-300x300.png 300w, https:\/\/www.sunex.de\/wp-content\/uploads\/2024\/05\/uno-9-1-150x150.png 150w, https:\/\/www.sunex.de\/wp-content\/uploads\/2024\/05\/uno-9-1-12x12.png 12w, https:\/\/www.sunex.de\/wp-content\/uploads\/2024\/05\/uno-9-1-70x70.png 70w\" sizes=\"(max-width: 591px) 100vw, 591px\" \/>\n\t\t\t<\/div>\n\t\t\t\t<figcaption class='wp-caption-text gallery-caption' id='gallery-1-2462'>\n\t\t\t\tSystem UNO - round arch system\n\t\t\t\t<\/figcaption><\/figure><figure class='gallery-item'>\n\t\t\t<div class='gallery-icon landscape'>\n\t\t\t\t<img loading=\"lazy\" decoding=\"async\" width=\"591\" height=\"591\" src=\"https:\/\/www.sunex.de\/wp-content\/uploads\/2024\/05\/uno-10-1.png\" class=\"attachment-full size-full\" alt=\"\" aria-describedby=\"gallery-1-2463\" srcset=\"https:\/\/www.sunex.de\/wp-content\/uploads\/2024\/05\/uno-10-1.png 591w, https:\/\/www.sunex.de\/wp-content\/uploads\/2024\/05\/uno-10-1-300x300.png 300w, https:\/\/www.sunex.de\/wp-content\/uploads\/2024\/05\/uno-10-1-150x150.png 150w, https:\/\/www.sunex.de\/wp-content\/uploads\/2024\/05\/uno-10-1-12x12.png 12w, https:\/\/www.sunex.de\/wp-content\/uploads\/2024\/05\/uno-10-1-70x70.png 70w\" sizes=\"(max-width: 591px) 100vw, 591px\" \/>\n\t\t\t<\/div>\n\t\t\t\t<figcaption class='wp-caption-text gallery-caption' id='gallery-1-2463'>\n\t\t\t\tSystem UNO \u2013 gable point system\n\t\t\t\t<\/figcaption><\/figure><figure class='gallery-item'>\n\t\t\t<div class='gallery-icon landscape'>\n\t\t\t\t<img loading=\"lazy\" decoding=\"async\" width=\"591\" height=\"591\" src=\"https:\/\/www.sunex.de\/wp-content\/uploads\/2024\/05\/uno-11-1.png\" class=\"attachment-full size-full\" alt=\"\" aria-describedby=\"gallery-1-2464\" srcset=\"https:\/\/www.sunex.de\/wp-content\/uploads\/2024\/05\/uno-11-1.png 591w, https:\/\/www.sunex.de\/wp-content\/uploads\/2024\/05\/uno-11-1-300x300.png 300w, https:\/\/www.sunex.de\/wp-content\/uploads\/2024\/05\/uno-11-1-150x150.png 150w, https:\/\/www.sunex.de\/wp-content\/uploads\/2024\/05\/uno-11-1-12x12.png 12w, https:\/\/www.sunex.de\/wp-content\/uploads\/2024\/05\/uno-11-1-70x70.png 70w\" sizes=\"(max-width: 591px) 100vw, 591px\" \/>\n\t\t\t<\/div>\n\t\t\t\t<figcaption class='wp-caption-text gallery-caption' id='gallery-1-2464'>\n\t\t\t\tSystem UNO - gable stump system\n\t\t\t\t<\/figcaption><\/figure><figure class='gallery-item'>\n\t\t\t<div class='gallery-icon landscape'>\n\t\t\t\t<img loading=\"lazy\" decoding=\"async\" width=\"591\" height=\"591\" src=\"https:\/\/www.sunex.de\/wp-content\/uploads\/2024\/05\/uno-12-1.png\" class=\"attachment-full size-full\" alt=\"\" aria-describedby=\"gallery-1-2465\" srcset=\"https:\/\/www.sunex.de\/wp-content\/uploads\/2024\/05\/uno-12-1.png 591w, https:\/\/www.sunex.de\/wp-content\/uploads\/2024\/05\/uno-12-1-300x300.png 300w, https:\/\/www.sunex.de\/wp-content\/uploads\/2024\/05\/uno-12-1-150x150.png 150w, https:\/\/www.sunex.de\/wp-content\/uploads\/2024\/05\/uno-12-1-12x12.png 12w, https:\/\/www.sunex.de\/wp-content\/uploads\/2024\/05\/uno-12-1-70x70.png 70w\" sizes=\"(max-width: 591px) 100vw, 591px\" \/>\n\t\t\t<\/div>\n\t\t\t\t<figcaption class='wp-caption-text gallery-caption' id='gallery-1-2465'>\n\t\t\t\tSystem UNO \u2013 gable point system\n\t\t\t\t<\/figcaption><\/figure><figure class='gallery-item'>\n\t\t\t<div class='gallery-icon landscape'>\n\t\t\t\t<img loading=\"lazy\" decoding=\"async\" width=\"591\" height=\"591\" src=\"https:\/\/www.sunex.de\/wp-content\/uploads\/2024\/05\/uno-13-1.png\" class=\"attachment-full size-full\" alt=\"\" aria-describedby=\"gallery-1-2466\" srcset=\"https:\/\/www.sunex.de\/wp-content\/uploads\/2024\/05\/uno-13-1.png 591w, https:\/\/www.sunex.de\/wp-content\/uploads\/2024\/05\/uno-13-1-300x300.png 300w, https:\/\/www.sunex.de\/wp-content\/uploads\/2024\/05\/uno-13-1-150x150.png 150w, https:\/\/www.sunex.de\/wp-content\/uploads\/2024\/05\/uno-13-1-12x12.png 12w, https:\/\/www.sunex.de\/wp-content\/uploads\/2024\/05\/uno-13-1-70x70.png 70w\" sizes=\"(max-width: 591px) 100vw, 591px\" \/>\n\t\t\t<\/div>\n\t\t\t\t<figcaption class='wp-caption-text gallery-caption' id='gallery-1-2466'>\n\t\t\t\tSystem UNO - gable stump system\n\t\t\t\t<\/figcaption><\/figure>\n\t\t<\/div>\n\t\t<\/div>\n\t\t\t\t\t\t<\/div>\n\t\t\t\t<\/div>\n\t\t\t\t\t<\/div>\n\t\t<\/div>\n\t\t\t\t\t<\/div>\n\t\t<\/section>\n\t\t\t\t<section class=\"elementor-section elementor-top-section elementor-element elementor-element-bdf5996 elementor-section-full_width elementor-section-height-default elementor-section-height-default\" data-id=\"bdf5996\" data-element_type=\"section\" data-e-type=\"section\">\n\t\t\t\t\t\t<div class=\"elementor-container elementor-column-gap-default\">\n\t\t\t\t\t<div class=\"elementor-column elementor-col-100 elementor-top-column elementor-element elementor-element-ca55e5e\" data-id=\"ca55e5e\" data-element_type=\"column\" data-e-type=\"column\">\n\t\t\t<div class=\"elementor-widget-wrap elementor-element-populated\">\n\t\t\t\t\t\t<div class=\"elementor-element elementor-element-c5b809d elementor-widget elementor-widget-roofan_what_we_did\" data-id=\"c5b809d\" data-element_type=\"widget\" data-e-type=\"widget\" data-widget_type=\"roofan_what_we_did.default\">\n\t\t\t\t<div class=\"elementor-widget-container\">\n\t\t\t\t\t\t\n\t<!--Start Project Details Style1 Area-->\n\t<section class=\"project-details-style1-area\">\n\t\t<div class=\"container\">\n\t\t\t<div class=\"row\">\n\n\t\t\t\t<div class=\"col-xl-8\">\n\t\t\t\t\t<div class=\"project-details-style1-content\">\n\t\t\t\t\t\t<h2>System description UNO<\/h2>\t\t\t\t\t\t\t\t\t\t\t\t<ul>\n\t\t\t\t\t\t\t\t\t\t\t\t\t\t<li>\n\t\t\t\t\t\t\t\t \t\t\t\t\t\t\t\t<div class=\"dot-box\"><\/div>\n\t\t\t\t\t\t\t\t<div class=\"text-box\">\n\t\t\t\t\t\t\t\t\t\t\t\t\t\t\t\t\t\t<p>Roller shutter box underneath, closing process from bottom to top.<\/p>\t\t\t\t\t\t\t\t<\/div>\n\t\t\t\t\t\t\t\t\t\t\t\t\t\t\t<\/li>\n\t\t\t\t\t\t\t\t\t\t\t\t\t\t<li>\n\t\t\t\t\t\t\t\t \t\t\t\t\t\t\t\t<div class=\"dot-box\"><\/div>\n\t\t\t\t\t\t\t\t<div class=\"text-box\">\n\t\t\t\t\t\t\t\t\t\t\t\t\t\t\t\t\t\t<p>Panel box, guide rails and end rail in all RAL or anodized colors made of almost indestructible, extruded aluminum with proverbial longevity.<\/p>\t\t\t\t\t\t\t\t<\/div>\n\t\t\t\t\t\t\t\t\t\t\t\t\t\t\t<\/li>\n\t\t\t\t\t\t\t\t\t\t\t\t\t\t<li>\n\t\t\t\t\t\t\t\t \t\t\t\t\t\t\t\t<div class=\"dot-box\"><\/div>\n\t\t\t\t\t\t\t\t<div class=\"text-box\">\n\t\t\t\t\t\t\t\t\t\t\t\t\t\t\t\t\t\t<p>Guide rails made of plastic or rubber ensure that the profiles run smoothly.<\/p>\t\t\t\t\t\t\t\t<\/div>\n\t\t\t\t\t\t\t\t\t\t\t\t\t\t\t<\/li>\n\t\t\t\t\t\t\t\t\t\t\t\t\t\t<li>\n\t\t\t\t\t\t\t\t \t\t\t\t\t\t\t\t<div class=\"dot-box\"><\/div>\n\t\t\t\t\t\t\t\t<div class=\"text-box\">\n\t\t\t\t\t\t\t\t\t\t\t\t\t\t\t\t\t\t<p>Profiles made of roll-formed aluminum, foamed with polyurethane, without light slots and coated with thick lacquer in various colors, guarantee not only dimensional stability but also the highest level of thermal and sound insulation.<\/p>\t\t\t\t\t\t\t\t<\/div>\n\t\t\t\t\t\t\t\t\t\t\t\t\t\t\t<\/li>\n\t\t\t\t\t\t\t\t\t\t\t\t\t\t<li>\n\t\t\t\t\t\t\t\t \t\t\t\t\t\t\t\t<div class=\"dot-box\"><\/div>\n\t\t\t\t\t\t\t\t<div class=\"text-box\">\n\t\t\t\t\t\t\t\t\t\t\t\t\t\t\t\t\t\t<p>Depending on the shape of the roller shutter system, the roller shutter curtain is raised on one side in the rail, hidden by a roller guide, visible in the middle or hidden by supporting central guides.<\/p>\t\t\t\t\t\t\t\t<\/div>\n\t\t\t\t\t\t\t\t\t\t\t\t\t\t\t<\/li>\n\t\t\t\t\t\t\t\t\t\t\t\t\t\t<li>\n\t\t\t\t\t\t\t\t \t\t\t\t\t\t\t\t<div class=\"dot-box\"><\/div>\n\t\t\t\t\t\t\t\t<div class=\"text-box\">\n\t\t\t\t\t\t\t\t\t\t\t\t\t\t\t\t\t\t<p>Various design variants and combination options take the different window shapes into account.<\/p>\t\t\t\t\t\t\t\t<\/div>\n\t\t\t\t\t\t\t\t\t\t\t\t\t\t\t<\/li>\n\t\t\t\t\t\t\t\t\t\t\t\t\t\t<li>\n\t\t\t\t\t\t\t\t \t\t\t\t\t\t\t\t<div class=\"dot-box\"><\/div>\n\t\t\t\t\t\t\t\t<div class=\"text-box\">\n\t\t\t\t\t\t\t\t\t\t\t\t\t\t\t\t\t\t<p>Optimal adaptation options to the architecture of the house thanks to a wide range of types (square or round box, alternatively plaster base box) with different cover systems.<\/p>\t\t\t\t\t\t\t\t<\/div>\n\t\t\t\t\t\t\t\t\t\t\t\t\t\t\t<\/li>\n\t\t\t\t\t\t\t\t\t\t\t\t\t\t<li>\n\t\t\t\t\t\t\t\t \t\t\t\t\t\t\t\t<div class=\"dot-box\"><\/div>\n\t\t\t\t\t\t\t\t<div class=\"text-box\">\n\t\t\t\t\t\t\t\t\t\t\t\t\t\t\t\t\t\t<p>Easy and safe operation via motor with electromechanical limit switch - making work significantly easier.<\/p>\t\t\t\t\t\t\t\t<\/div>\n\t\t\t\t\t\t\t\t\t\t\t\t\t\t\t<\/li>\n\t\t\t\t\t\t\t\t\t\t\t\t\t<\/ul>\n\t\t\t\t\t<\/div>\n\t\t\t\t<\/div>\n\n\t\t\t\t<div class=\"col-xl-4\">\n\t\t\t\t\t\t\t\t\t<\/div>\n\n\t\t\t<\/div>\n\t\t<\/div>\n\t<\/section>\n\t<!--End Project Details Style1 Area-->\n   \n\t\t\t\t\t<\/div>\n\t\t\t\t<\/div>\n\t\t\t\t\t<\/div>\n\t\t<\/div>\n\t\t\t\t\t<\/div>\n\t\t<\/section>\n\t\t\t\t<\/div>","protected":false},"excerpt":{"rendered":"<p>Rollladensystem von unten nach oben UNO Untenliegender Rollladenkasten mit Schlie\u00dfvorgang von unten nach oben. &nbsp;&nbsp;&nbsp; Rollladenelement f\u00fcr schr\u00e4ge, spitzwinklige, dreieckige und Rundbogenfenster. F\u00fcr Neubau sowie Altbau geeignet, da Monta\u00adge sowohl zwischen den Laibungen, als auch auf dem Mauerwerk m\u00f6glich ist. Profile aus rollgeformtem und ausgesch\u00e4um\u00adtem Aluminium mit Dicklackbeschichtung. Farben nach Musterkollektion ohne Lichtschlitze im Behang. [&hellip;]<\/p>\n","protected":false},"author":1,"featured_media":0,"parent":0,"menu_order":0,"comment_status":"closed","ping_status":"closed","template":"tpl-default-elementor.php","meta":{"footnotes":""},"class_list":["post-2146","page","type-page","status-publish","hentry"],"_links":{"self":[{"href":"https:\/\/www.sunex.de\/en\/wp-json\/wp\/v2\/pages\/2146","targetHints":{"allow":["GET"]}}],"collection":[{"href":"https:\/\/www.sunex.de\/en\/wp-json\/wp\/v2\/pages"}],"about":[{"href":"https:\/\/www.sunex.de\/en\/wp-json\/wp\/v2\/types\/page"}],"author":[{"embeddable":true,"href":"https:\/\/www.sunex.de\/en\/wp-json\/wp\/v2\/users\/1"}],"replies":[{"embeddable":true,"href":"https:\/\/www.sunex.de\/en\/wp-json\/wp\/v2\/comments?post=2146"}],"version-history":[{"count":10,"href":"https:\/\/www.sunex.de\/en\/wp-json\/wp\/v2\/pages\/2146\/revisions"}],"predecessor-version":[{"id":2874,"href":"https:\/\/www.sunex.de\/en\/wp-json\/wp\/v2\/pages\/2146\/revisions\/2874"}],"wp:attachment":[{"href":"https:\/\/www.sunex.de\/en\/wp-json\/wp\/v2\/media?parent=2146"}],"curies":[{"name":"wp","href":"https:\/\/api.w.org\/{rel}","templated":true}]}}